{"id":2,"date":"2025-06-21T03:45:29","date_gmt":"2025-06-21T00:45:29","guid":{"rendered":"https:\/\/oktayozturk.av.tr\/?page_id=2"},"modified":"2025-06-25T12:07:41","modified_gmt":"2025-06-25T09:07:41","slug":"ornek-sayfa","status":"publish","type":"page","link":"https:\/\/oktayozturk.av.tr\/?page_id=2","title":{"rendered":"\u0130LET\u0130\u015e\u0130M"},"content":{"rendered":"\n<div class=\"wp-block-group alignfull has-contrast-dark-color has-text-color has-link-color wp-elements-4bb6456c4c43c6b1d56b1c220c39cff1 has-global-padding is-layout-constrained wp-container-core-group-is-layout-11e9e985 wp-block-group-is-layout-constrained\" style=\"margin-top:0;margin-bottom:0;padding-top:var(--wp--preset--spacing--superbspacing-large);padding-right:var(--wp--preset--spacing--superbspacing-large);padding-bottom:var(--wp--preset--spacing--superbspacing-large);padding-left:var(--wp--preset--spacing--superbspacing-small)\">\n<div class=\"wp-block-group alignwide has-global-padding is-layout-constrained wp-container-core-group-is-layout-58b2f4d9 wp-block-group-is-layout-constrained\">\n<h3 class=\"wp-block-heading has-text-align-center has-featured-color has-text-color has-superbfont-small-font-size\">Av. Oktay \u00d6zt\u00fcrk Hukuk&amp;Dan\u0131\u015fmanl\u0131k<\/h3>\n\n\n\n<p class=\"has-text-align-center has-mono-2-color has-text-color has-superbfont-small-font-size\">Sorular\u0131n\u0131z ve hukuki destek talepleriniz i\u00e7in bizimle ileti\u015fime ge\u00e7ebilirsiniz. Size en h\u0131zl\u0131 ve etkili \u00e7\u00f6z\u00fcmleri sunmak i\u00e7in buraday\u0131z.<\/p>\n\n\n\n<h2 class=\"wp-block-heading has-text-align-center has-contrast-color has-text-color has-superbfont-xlarge-font-size\">\u0130LET\u0130\u015e\u0130M:<\/h2>\n\n\n\n<div class=\"wp-block-superb-addons-google-maps\"><div class=\"superbaddons-google-maps-block\" style=\"border-radius:0%;height:300px\"><iframe loading=\"lazy\" width=\"100%\" height=\"300px\" frameborder=\"0\" margin=\"0\" padding=\"0\" referrerpolicy=\"no-referrer-when-downgrade\" src=\"https:\/\/maps.google.com\/maps?width=100%&amp;height=100%&amp;q=Remzi O\u011fuz Ar\u0131k, Tunus Cd 61\/8, 06680 \u00c7ankaya\/Ankara&amp;t=&amp;z=15&amp;hl=en&amp;ie=UTF8&amp;iwloc=B&amp;output=embed\"><\/iframe><\/div><\/div>\n\n\n\n<p class=\"has-contrast-dark-color has-text-color has-link-color wp-elements-61bfb445f3bf99da0bc0f54ea7a7a1bc\"><strong>Adres:<\/strong> Remzi O\u011fuz Ar\u0131k Mahallesi, Tunus Caddesi 61\/8, 06680 \u00c7ankaya\/Ankara<\/p>\n<\/div>\n\n\n\n<div class=\"wp-block-columns has-superbfont-medium-font-size is-layout-flex wp-container-core-columns-is-layout-28f84493 wp-block-columns-is-layout-flex\">\n<div class=\"wp-block-column has-border-color has-mono-3-border-color is-layout-flow wp-block-column-is-layout-flow\" style=\"border-width:1px;padding-top:var(--wp--preset--spacing--superbspacing-small);padding-right:var(--wp--preset--spacing--superbspacing-small);padding-bottom:var(--wp--preset--spacing--superbspacing-small);padding-left:var(--wp--preset--spacing--superbspacing-small)\">\n<figure class=\"wp-block-image aligncenter size-full is-resized\"><img decoding=\"async\" src=\"https:\/\/oktayozturk.av.tr\/wp-content\/themes\/the-coffee-shop\/assets\/images\/contact\/contact-10-1.png\" alt=\"\" style=\"object-fit:cover;width:48px;height:48px\"\/><\/figure>\n\n\n\n<h3 class=\"wp-block-heading has-text-align-center has-superbfont-medium-font-size\" style=\"margin-top:0;margin-bottom:0\">Mail Adresi<\/h3>\n\n\n\n<p class=\"has-text-align-center has-mono-2-color has-text-color has-link-color has-superbfont-xxsmall-font-size wp-elements-cc030099015b3fdbdac5c9aacb8bc7e0\" style=\"margin-top:var(--wp--preset--spacing--superbspacing-xxsmall);margin-bottom:0\">av.oktayoezturk@gmail.com<\/p>\n<\/div>\n\n\n\n<div class=\"wp-block-column has-border-color has-mono-3-border-color is-layout-flow wp-block-column-is-layout-flow\" style=\"border-width:1px;padding-top:var(--wp--preset--spacing--superbspacing-small);padding-right:var(--wp--preset--spacing--superbspacing-small);padding-bottom:var(--wp--preset--spacing--superbspacing-small);padding-left:var(--wp--preset--spacing--superbspacing-small)\">\n<figure class=\"wp-block-image aligncenter size-full is-resized\"><img decoding=\"async\" src=\"https:\/\/oktayozturk.av.tr\/wp-content\/themes\/the-coffee-shop\/assets\/images\/contact\/contact-10-2.png\" alt=\"\" style=\"object-fit:cover;width:48px;height:48px\"\/><\/figure>\n\n\n\n<h3 class=\"wp-block-heading has-text-align-center has-superbfont-medium-font-size\" style=\"margin-top:0;margin-bottom:0\">Telefon<\/h3>\n\n\n\n<p class=\"has-text-align-center has-mono-2-color has-text-color has-link-color has-superbfont-xsmall-font-size wp-elements-613b1a1c255fb07f56bc4dcd095b0a4e\" style=\"margin-top:var(--wp--preset--spacing--superbspacing-xxsmall);margin-bottom:0\">(+90) 553 438 22 02<\/p>\n<\/div>\n\n\n\n<div class=\"wp-block-column has-border-color has-mono-3-border-color is-layout-flow wp-block-column-is-layout-flow\" style=\"border-width:1px;padding-top:var(--wp--preset--spacing--superbspacing-small);padding-right:var(--wp--preset--spacing--superbspacing-small);padding-bottom:var(--wp--preset--spacing--superbspacing-small);padding-left:var(--wp--preset--spacing--superbspacing-small)\">\n<figure class=\"wp-block-image aligncenter size-full is-resized\"><img decoding=\"async\" src=\"https:\/\/oktayozturk.av.tr\/wp-content\/themes\/the-coffee-shop\/assets\/images\/contact\/contact-10-3.png\" alt=\"\" style=\"object-fit:cover;width:48px;height:48px\"\/><\/figure>\n\n\n\n<h3 class=\"wp-block-heading has-text-align-center has-superbfont-medium-font-size\" style=\"margin-top:0;margin-bottom:0\">\u00c7al\u0131\u015fma Saatleri <\/h3>\n\n\n\n<p class=\"has-text-align-center has-mono-2-color has-text-color has-link-color has-superbfont-xsmall-font-size wp-elements-d882d427cbe6765257018d6b5df70e07\" style=\"margin-top:var(--wp--preset--spacing--superbspacing-xxsmall);margin-bottom:0\">Hafta \u0130\u00e7i: 09:00-18:00                          Cumartesi: 10:00-14:00<\/p>\n<\/div>\n<\/div>\n<\/div>\n","protected":false},"excerpt":{"rendered":"<p>Av. Oktay \u00d6zt\u00fcrk Hukuk&amp;Dan\u0131\u015fmanl\u0131k Sorular\u0131n\u0131z ve hukuki destek talepleriniz i\u00e7in bizimle ileti\u015fime ge\u00e7ebilirsiniz. Size en h\u0131zl\u0131 ve etkili \u00e7\u00f6z\u00fcmleri sunmak i\u00e7in buraday\u0131z. \u0130LET\u0130\u015e\u0130M: Adres: Remzi O\u011fuz Ar\u0131k Mahallesi, Tunus Caddesi 61\/8, 06680 \u00c7ankaya\/Ankara Mail Adresi av.oktayoezturk@gmail.com Telefon (+90) 553 438 22 02 \u00c7al\u0131\u015fma Saatleri Hafta \u0130\u00e7i: 09:00-18:00 Cumartesi: 10:00-14:00<\/p>\n","protected":false},"author":1,"featured_media":0,"parent":0,"menu_order":0,"comment_status":"closed","ping_status":"open","template":"","meta":{"footnotes":""},"class_list":["post-2","page","type-page","status-publish","hentry"],"_links":{"self":[{"href":"https:\/\/oktayozturk.av.tr\/index.php?rest_route=\/wp\/v2\/pages\/2","targetHints":{"allow":["GET"]}}],"collection":[{"href":"https:\/\/oktayozturk.av.tr\/index.php?rest_route=\/wp\/v2\/pages"}],"about":[{"href":"https:\/\/oktayozturk.av.tr\/index.php?rest_route=\/wp\/v2\/types\/page"}],"author":[{"embeddable":true,"href":"https:\/\/oktayozturk.av.tr\/index.php?rest_route=\/wp\/v2\/users\/1"}],"replies":[{"embeddable":true,"href":"https:\/\/oktayozturk.av.tr\/index.php?rest_route=%2Fwp%2Fv2%2Fcomments&post=2"}],"version-history":[{"count":3,"href":"https:\/\/oktayozturk.av.tr\/index.php?rest_route=\/wp\/v2\/pages\/2\/revisions"}],"predecessor-version":[{"id":48,"href":"https:\/\/oktayozturk.av.tr\/index.php?rest_route=\/wp\/v2\/pages\/2\/revisions\/48"}],"wp:attachment":[{"href":"https:\/\/oktayozturk.av.tr\/index.php?rest_route=%2Fwp%2Fv2%2Fmedia&parent=2"}],"curies":[{"name":"wp","href":"https:\/\/api.w.org\/{rel}","templated":true}]}}