{"id":32,"date":"2025-06-21T04:53:30","date_gmt":"2025-06-21T01:53:30","guid":{"rendered":"https:\/\/oktayozturk.av.tr\/?page_id=32"},"modified":"2025-10-07T02:54:11","modified_gmt":"2025-10-06T23:54:11","slug":"hakkimizda","status":"publish","type":"page","link":"https:\/\/oktayozturk.av.tr\/?page_id=32","title":{"rendered":"HAKKIMIZDA"},"content":{"rendered":"\n<p><\/p>\n\n\n\n<div class=\"wp-block-group alignfull has-global-padding is-layout-constrained wp-container-core-group-is-layout-c3b3325f wp-block-group-is-layout-constrained\" style=\"margin-top:0;margin-bottom:0;padding-top:var(--wp--preset--spacing--superbspacing-large);padding-right:var(--wp--preset--spacing--superbspacing-small);padding-bottom:var(--wp--preset--spacing--superbspacing-large);padding-left:var(--wp--preset--spacing--superbspacing-small)\">\n<div class=\"wp-block-group alignwide is-vertical is-content-justification-center is-layout-flex wp-container-core-group-is-layout-4c120eef wp-block-group-is-layout-flex\">\n<h2 class=\"wp-block-heading has-text-align-center has-contrast-color has-text-color has-superbfont-xlarge-font-size\">B\u0130Z\u0130MLE TANI\u015eIN<\/h2>\n\n\n\n<p class=\"has-text-align-center has-secondary-color has-text-color has-superbfont-small-font-size\">Hukuki s\u00fcre\u00e7lerinizde size birebir destek veren, deneyimli ve g\u00fcvenilir avukat\u0131n\u0131z\u0131 tan\u0131y\u0131n. Her a\u015famada yan\u0131n\u0131zda olmaya haz\u0131r\u0131m.<\/p>\n<\/div>\n\n\n\n<div class=\"wp-block-columns alignwide is-layout-flex wp-container-core-columns-is-layout-f9d87e41 wp-block-columns-is-layout-flex\">\n<div class=\"wp-block-column is-vertically-aligned-center is-layout-flow wp-container-core-column-is-layout-db2cb278 wp-block-column-is-layout-flow\">\n<figure class=\"wp-block-image aligncenter size-full is-resized has-custom-border\"><img loading=\"lazy\" decoding=\"async\" width=\"1706\" height=\"2560\" src=\"https:\/\/oktayozturk.av.tr\/wp-content\/uploads\/2025\/06\/15x21-2-edited-scaled.jpg\" alt=\"\" class=\"wp-image-36\" style=\"border-radius:0px;object-fit:cover;width:255px;height:auto\" srcset=\"https:\/\/oktayozturk.av.tr\/wp-content\/uploads\/2025\/06\/15x21-2-edited-scaled.jpg 1706w, https:\/\/oktayozturk.av.tr\/wp-content\/uploads\/2025\/06\/15x21-2-edited-200x300.jpg 200w, https:\/\/oktayozturk.av.tr\/wp-content\/uploads\/2025\/06\/15x21-2-edited-682x1024.jpg 682w, https:\/\/oktayozturk.av.tr\/wp-content\/uploads\/2025\/06\/15x21-2-edited-768x1152.jpg 768w, https:\/\/oktayozturk.av.tr\/wp-content\/uploads\/2025\/06\/15x21-2-edited-1024x1536.jpg 1024w, https:\/\/oktayozturk.av.tr\/wp-content\/uploads\/2025\/06\/15x21-2-edited-1365x2048.jpg 1365w\" sizes=\"auto, (max-width: 1706px) 100vw, 1706px\" \/><\/figure>\n\n\n\n<div class=\"wp-block-group has-contrast-dark-color has-text-color has-link-color has-superbfont-xsmall-font-size wp-elements-a456e1757e52ac24b394974580cb3768 has-global-padding is-layout-constrained wp-container-core-group-is-layout-85cc789f wp-block-group-is-layout-constrained\">\n<div class=\"wp-block-group has-global-padding is-layout-constrained wp-container-core-group-is-layout-19e250f3 wp-block-group-is-layout-constrained\">\n<h3 class=\"wp-block-heading has-text-align-center has-contrast-color has-text-color has-superbfont-medium-font-size\">Avukat Oktay \u00d6zt\u00fcrk<\/h3>\n<\/div>\n\n\n\n<p class=\"has-text-align-left has-contrast-dark-color has-text-color has-superbfont-xsmall-font-size\">1995 y\u0131l\u0131nda Ankara\u2019da d\u00fcnyaya gelmi\u015ftir. 2021 y\u0131l\u0131nda Hukuk lisans e\u011fitimini, 2022 y\u0131l\u0131nda ise Ankara Barosu\u2019nda avukatl\u0131k staj\u0131n\u0131 ba\u015far\u0131yla tamamlayarak avukatl\u0131k ruhsat\u0131n\u0131 almaya hak kazanm\u0131\u015ft\u0131r. H\u00e2lihaz\u0131rda Ankara ilinde serbest avukatl\u0131k faaliyetini s\u00fcrd\u00fcrmektedir.<\/p>\n\n\n\n<p class=\"has-text-align-left has-contrast-dark-color has-text-color has-superbfont-xsmall-font-size\">Mesleki geli\u015fimine \u00f6nem veren Avukat Oktay \u00d6zt\u00fcrk, \u00e7e\u015fitli hukuki alanlarda d\u00fczenlenen e\u011fitim programlar\u0131na kat\u0131lm\u0131\u015f ve bu programlar sonucunda kat\u0131l\u0131m sertifikalar\u0131 almaya hak kazanm\u0131\u015ft\u0131r. <\/p>\n\n\n\n<p class=\"has-text-align-left has-contrast-dark-color has-text-color has-superbfont-xsmall-font-size\">Kat\u0131ld\u0131\u011f\u0131 baz\u0131 e\u011fitimler \u015funlard\u0131r:<\/p>\n\n\n\n<p class=\"has-text-align-left has-contrast-dark-color has-text-color has-superbfont-xsmall-font-size\"><br>-Hukuk ve Ceza Mahkemelerinde Kanun Yollar\u0131<\/p>\n\n\n\n<p class=\"has-superbfont-xsmall-font-size\">-CMK Temel E\u011fitimi<\/p>\n\n\n\n<p class=\"has-superbfont-xsmall-font-size\">-Avrupa \u0130nsan Haklar\u0131 S\u00f6zle\u015fmesi (A\u0130HS) ve Avrupa \u0130nsan Haklar\u0131 Mahkemesi (A\u0130HM) ile \u0130\u00e7 Hukuk \u0130li\u015fkisi<\/p>\n\n\n\n<p class=\"has-superbfont-xsmall-font-size\">-Dilek\u00e7e Yaz\u0131m\u0131 101<\/p>\n\n\n\n<p class=\"has-superbfont-xsmall-font-size\">-E\u015fler Aras\u0131 Yasal Mal Rejimi ve Tasfiyesi<\/p>\n\n\n\n<p class=\"has-superbfont-xsmall-font-size\">-Vergi ve \u0130nsan Haklar\u0131 Sempozyumu<\/p>\n\n\n\n<p class=\"has-superbfont-xsmall-font-size\">-Ceza Muhakemesinde Gizli Soru\u015fturma Tedbirleri<\/p>\n\n\n\n<ul class=\"wp-block-social-links aligncenter has-icon-color is-style-logos-only is-layout-flex wp-block-social-links-is-layout-flex\"><li style=\"color:#5850EC;\" class=\"wp-social-link wp-social-link-linkedin has-primary-color wp-block-social-link\"><a href=\"https:\/\/linkedin.com\" class=\"wp-block-social-link-anchor\"><svg width=\"24\" height=\"24\" viewBox=\"0 0 24 24\" version=\"1.1\" xmlns=\"http:\/\/www.w3.org\/2000\/svg\" aria-hidden=\"true\" focusable=\"false\"><path d=\"M19.7,3H4.3C3.582,3,3,3.582,3,4.3v15.4C3,20.418,3.582,21,4.3,21h15.4c0.718,0,1.3-0.582,1.3-1.3V4.3 C21,3.582,20.418,3,19.7,3z M8.339,18.338H5.667v-8.59h2.672V18.338z M7.004,8.574c-0.857,0-1.549-0.694-1.549-1.548 c0-0.855,0.691-1.548,1.549-1.548c0.854,0,1.547,0.694,1.547,1.548C8.551,7.881,7.858,8.574,7.004,8.574z M18.339,18.338h-2.669 v-4.177c0-0.996-0.017-2.278-1.387-2.278c-1.389,0-1.601,1.086-1.601,2.206v4.249h-2.667v-8.59h2.559v1.174h0.037 c0.356-0.675,1.227-1.387,2.526-1.387c2.703,0,3.203,1.779,3.203,4.092V18.338z\"><\/path><\/svg><span class=\"wp-block-social-link-label screen-reader-text\">https:\/\/tr.linkedin.com\/in\/oktay-\u00f6zt\u00fcrk-627000360<\/span><\/a><\/li>\n\n<li style=\"color:#5850EC;\" class=\"wp-social-link wp-social-link-instagram has-primary-color wp-block-social-link\"><a href=\"https:\/\/instagram.com\" class=\"wp-block-social-link-anchor\"><svg width=\"24\" height=\"24\" viewBox=\"0 0 24 24\" version=\"1.1\" xmlns=\"http:\/\/www.w3.org\/2000\/svg\" aria-hidden=\"true\" focusable=\"false\"><path d=\"M12,4.622c2.403,0,2.688,0.009,3.637,0.052c0.877,0.04,1.354,0.187,1.671,0.31c0.42,0.163,0.72,0.358,1.035,0.673 c0.315,0.315,0.51,0.615,0.673,1.035c0.123,0.317,0.27,0.794,0.31,1.671c0.043,0.949,0.052,1.234,0.052,3.637 s-0.009,2.688-0.052,3.637c-0.04,0.877-0.187,1.354-0.31,1.671c-0.163,0.42-0.358,0.72-0.673,1.035 c-0.315,0.315-0.615,0.51-1.035,0.673c-0.317,0.123-0.794,0.27-1.671,0.31c-0.949,0.043-1.233,0.052-3.637,0.052 s-2.688-0.009-3.637-0.052c-0.877-0.04-1.354-0.187-1.671-0.31c-0.42-0.163-0.72-0.358-1.035-0.673 c-0.315-0.315-0.51-0.615-0.673-1.035c-0.123-0.317-0.27-0.794-0.31-1.671C4.631,14.688,4.622,14.403,4.622,12 s0.009-2.688,0.052-3.637c0.04-0.877,0.187-1.354,0.31-1.671c0.163-0.42,0.358-0.72,0.673-1.035 c0.315-0.315,0.615-0.51,1.035-0.673c0.317-0.123,0.794-0.27,1.671-0.31C9.312,4.631,9.597,4.622,12,4.622 M12,3 C9.556,3,9.249,3.01,8.289,3.054C7.331,3.098,6.677,3.25,6.105,3.472C5.513,3.702,5.011,4.01,4.511,4.511 c-0.5,0.5-0.808,1.002-1.038,1.594C3.25,6.677,3.098,7.331,3.054,8.289C3.01,9.249,3,9.556,3,12c0,2.444,0.01,2.751,0.054,3.711 c0.044,0.958,0.196,1.612,0.418,2.185c0.23,0.592,0.538,1.094,1.038,1.594c0.5,0.5,1.002,0.808,1.594,1.038 c0.572,0.222,1.227,0.375,2.185,0.418C9.249,20.99,9.556,21,12,21s2.751-0.01,3.711-0.054c0.958-0.044,1.612-0.196,2.185-0.418 c0.592-0.23,1.094-0.538,1.594-1.038c0.5-0.5,0.808-1.002,1.038-1.594c0.222-0.572,0.375-1.227,0.418-2.185 C20.99,14.751,21,14.444,21,12s-0.01-2.751-0.054-3.711c-0.044-0.958-0.196-1.612-0.418-2.185c-0.23-0.592-0.538-1.094-1.038-1.594 c-0.5-0.5-1.002-0.808-1.594-1.038c-0.572-0.222-1.227-0.375-2.185-0.418C14.751,3.01,14.444,3,12,3L12,3z M12,7.378 c-2.552,0-4.622,2.069-4.622,4.622S9.448,16.622,12,16.622s4.622-2.069,4.622-4.622S14.552,7.378,12,7.378z M12,15 c-1.657,0-3-1.343-3-3s1.343-3,3-3s3,1.343,3,3S13.657,15,12,15z M16.804,6.116c-0.596,0-1.08,0.484-1.08,1.08 s0.484,1.08,1.08,1.08c0.596,0,1.08-0.484,1.08-1.08S17.401,6.116,16.804,6.116z\"><\/path><\/svg><span class=\"wp-block-social-link-label screen-reader-text\">https:\/\/www.instagram.com\/av.oktayozturk\/<\/span><\/a><\/li><\/ul>\n<\/div>\n<\/div>\n<\/div>\n<\/div>\n","protected":false},"excerpt":{"rendered":"<p>B\u0130Z\u0130MLE TANI\u015eIN Hukuki s\u00fcre\u00e7lerinizde size birebir destek veren, deneyimli ve g\u00fcvenilir avukat\u0131n\u0131z\u0131 tan\u0131y\u0131n. Her a\u015famada yan\u0131n\u0131zda olmaya haz\u0131r\u0131m. Avukat Oktay \u00d6zt\u00fcrk 1995 y\u0131l\u0131nda Ankara\u2019da d\u00fcnyaya gelmi\u015ftir. 2021 y\u0131l\u0131nda Hukuk lisans e\u011fitimini, 2022 y\u0131l\u0131nda ise Ankara Barosu\u2019nda avukatl\u0131k staj\u0131n\u0131 ba\u015far\u0131yla tamamlayarak avukatl\u0131k ruhsat\u0131n\u0131 almaya hak kazanm\u0131\u015ft\u0131r. H\u00e2lihaz\u0131rda Ankara ilinde serbest avukatl\u0131k faaliyetini s\u00fcrd\u00fcrmektedir. Mesleki geli\u015fimine \u00f6nem [&hellip;]<\/p>\n","protected":false},"author":1,"featured_media":0,"parent":0,"menu_order":0,"comment_status":"closed","ping_status":"closed","template":"","meta":{"footnotes":""},"class_list":["post-32","page","type-page","status-publish","hentry"],"_links":{"self":[{"href":"https:\/\/oktayozturk.av.tr\/index.php?rest_route=\/wp\/v2\/pages\/32","targetHints":{"allow":["GET"]}}],"collection":[{"href":"https:\/\/oktayozturk.av.tr\/index.php?rest_route=\/wp\/v2\/pages"}],"about":[{"href":"https:\/\/oktayozturk.av.tr\/index.php?rest_route=\/wp\/v2\/types\/page"}],"author":[{"embeddable":true,"href":"https:\/\/oktayozturk.av.tr\/index.php?rest_route=\/wp\/v2\/users\/1"}],"replies":[{"embeddable":true,"href":"https:\/\/oktayozturk.av.tr\/index.php?rest_route=%2Fwp%2Fv2%2Fcomments&post=32"}],"version-history":[{"count":3,"href":"https:\/\/oktayozturk.av.tr\/index.php?rest_route=\/wp\/v2\/pages\/32\/revisions"}],"predecessor-version":[{"id":57,"href":"https:\/\/oktayozturk.av.tr\/index.php?rest_route=\/wp\/v2\/pages\/32\/revisions\/57"}],"wp:attachment":[{"href":"https:\/\/oktayozturk.av.tr\/index.php?rest_route=%2Fwp%2Fv2%2Fmedia&parent=32"}],"curies":[{"name":"wp","href":"https:\/\/api.w.org\/{rel}","templated":true}]}}